{"id":3399,"date":"2026-03-09T14:21:11","date_gmt":"2026-03-09T14:21:11","guid":{"rendered":"https:\/\/btmconstructions.net\/?page_id=3399"},"modified":"2026-03-09T14:28:04","modified_gmt":"2026-03-09T14:28:04","slug":"elementor-3399","status":"publish","type":"page","link":"https:\/\/btmconstructions.net\/?page_id=3399","title":{"rendered":"Elementor #3399"},"content":{"rendered":"\t\t<div data-elementor-type=\"wp-page\" data-elementor-id=\"3399\" class=\"elementor elementor-3399\">\n\t\t\t\t<div class=\"elementor-element elementor-element-f09e92d e-flex e-con-boxed e-con e-parent\" data-id=\"f09e92d\" data-element_type=\"container\">\n\t\t\t\t\t<div class=\"e-con-inner\">\n\t\t<div class=\"elementor-element elementor-element-4a5de22 e-con-full e-flex e-con e-child\" data-id=\"4a5de22\" data-element_type=\"container\">\n\t\t\t\t<div class=\"elementor-element elementor-element-2c9a5f8 elementor-widget elementor-widget-text-editor\" data-id=\"2c9a5f8\" data-element_type=\"widget\" data-widget_type=\"text-editor.default\">\n\t\t\t\t\t\t\t\t\t<h3 data-section-id=\"rlyhfn\" data-start=\"227\" data-end=\"248\">BTM CONSTRUCTION<\/h3><h4 data-section-id=\"1tzxo2g\" data-start=\"249\" data-end=\"305\">Un esprit de d\u00e9veloppement au service de vos projets<\/h4><p data-start=\"307\" data-end=\"479\">Bienvenue chez <strong data-start=\"322\" data-end=\"342\">BTM CONSTRUCTION<\/strong>, une entreprise sp\u00e9cialis\u00e9e dans la <strong data-start=\"379\" data-end=\"478\">construction de b\u00e2timents, la gestion immobili\u00e8re et la fourniture de mat\u00e9riaux de construction<\/strong>.<\/p><p data-start=\"481\" data-end=\"689\">Gr\u00e2ce \u00e0 notre expertise et \u00e0 une \u00e9quipe qualifi\u00e9e, nous accompagnons <strong data-start=\"550\" data-end=\"595\">particuliers, entreprises et institutions<\/strong> dans la r\u00e9alisation de leurs projets avec des solutions <strong data-start=\"652\" data-end=\"688\">fiables, durables et \u00e9conomiques<\/strong>.<\/p><p data-start=\"691\" data-end=\"839\">Notre priorit\u00e9 est d\u2019offrir des services de <strong data-start=\"735\" data-end=\"752\">haute qualit\u00e9<\/strong>, respectant les <strong data-start=\"769\" data-end=\"838\">normes de construction, les d\u00e9lais et les attentes de nos clients<\/strong>.<\/p><h3 data-section-id=\"huai1s\" data-start=\"841\" data-end=\"880\">Pourquoi choisir BTM CONSTRUCTION ?<\/h3><p data-start=\"882\" data-end=\"1106\">\u2714 Expertise dans les travaux de construction<br data-start=\"926\" data-end=\"929\" \/>\u2714 Mat\u00e9riaux de qualit\u00e9 pour tous types de chantiers<br data-start=\"980\" data-end=\"983\" \/>\u2714 Respect des d\u00e9lais et des engagements<br data-start=\"1022\" data-end=\"1025\" \/>\u2714 Prix comp\u00e9titifs sur le march\u00e9<br data-start=\"1057\" data-end=\"1060\" \/>\u2714 Accompagnement personnalis\u00e9 de chaque projet<\/p><p data-start=\"1108\" data-end=\"1178\"><strong data-start=\"1108\" data-end=\"1178\">BTM CONSTRUCTION \u2013 La qualit\u00e9 et les meilleurs prix sur le march\u00e9.<\/strong><\/p>\t\t\t\t\t\t\t\t<\/div>\n\t\t\t\t<\/div>\n\t\t<div class=\"elementor-element elementor-element-e12f010 e-con-full e-flex e-con e-child\" data-id=\"e12f010\" data-element_type=\"container\">\n\t\t\t\t<div class=\"elementor-element elementor-element-3d15939 elementor-widget elementor-widget-video\" data-id=\"3d15939\" data-element_type=\"widget\" data-settings=\"{&quot;youtube_url&quot;:&quot;https:\\\/\\\/youtube.com\\\/shorts\\\/9GC38E1jN28?si=gGAvghbOVJAw5APJ&quot;,&quot;video_type&quot;:&quot;youtube&quot;,&quot;controls&quot;:&quot;yes&quot;}\" data-widget_type=\"video.default\">\n\t\t\t\t\t\t\t<div class=\"elementor-wrapper elementor-open-inline\">\n\t\t\t<div class=\"elementor-video\"><\/div>\t\t<\/div>\n\t\t\t\t\t\t<\/div>\n\t\t\t\t<\/div>\n\t\t\t\t\t<\/div>\n\t\t\t\t<\/div>\n\t\t\t\t<\/div>\n\t\t","protected":false},"excerpt":{"rendered":"<p>BTM CONSTRUCTION Un esprit de d\u00e9veloppement au service de vos projets Bienvenue chez BTM CONSTRUCTION, une entreprise sp\u00e9cialis\u00e9e dans la construction de b\u00e2timents, la gestion immobili\u00e8re et la fourniture de mat\u00e9riaux de construction. Gr\u00e2ce \u00e0 notre expertise et \u00e0 une \u00e9quipe qualifi\u00e9e, nous accompagnons particuliers, entreprises et institutions dans la r\u00e9alisation de leurs projets avec [&hellip;]<\/p>\n","protected":false},"author":1,"featured_media":0,"parent":0,"menu_order":0,"comment_status":"closed","ping_status":"closed","template":"","meta":{"footnotes":""},"class_list":["post-3399","page","type-page","status-publish","hentry"],"_links":{"self":[{"href":"https:\/\/btmconstructions.net\/index.php?rest_route=\/wp\/v2\/pages\/3399","targetHints":{"allow":["GET"]}}],"collection":[{"href":"https:\/\/btmconstructions.net\/index.php?rest_route=\/wp\/v2\/pages"}],"about":[{"href":"https:\/\/btmconstructions.net\/index.php?rest_route=\/wp\/v2\/types\/page"}],"author":[{"embeddable":true,"href":"https:\/\/btmconstructions.net\/index.php?rest_route=\/wp\/v2\/users\/1"}],"replies":[{"embeddable":true,"href":"https:\/\/btmconstructions.net\/index.php?rest_route=%2Fwp%2Fv2%2Fcomments&post=3399"}],"version-history":[{"count":6,"href":"https:\/\/btmconstructions.net\/index.php?rest_route=\/wp\/v2\/pages\/3399\/revisions"}],"predecessor-version":[{"id":3415,"href":"https:\/\/btmconstructions.net\/index.php?rest_route=\/wp\/v2\/pages\/3399\/revisions\/3415"}],"wp:attachment":[{"href":"https:\/\/btmconstructions.net\/index.php?rest_route=%2Fwp%2Fv2%2Fmedia&parent=3399"}],"curies":[{"name":"wp","href":"https:\/\/api.w.org\/{rel}","templated":true}]}}