{"id":3413,"date":"2026-03-09T14:40:38","date_gmt":"2026-03-09T14:40:38","guid":{"rendered":"https:\/\/btmconstructions.net\/?page_id=3413"},"modified":"2026-03-09T15:13:16","modified_gmt":"2026-03-09T15:13:16","slug":"elementor-3413","status":"publish","type":"page","link":"https:\/\/btmconstructions.net\/?page_id=3413","title":{"rendered":"Elementor #3413"},"content":{"rendered":"\t\t<div data-elementor-type=\"wp-page\" data-elementor-id=\"3413\" class=\"elementor elementor-3413\">\n\t\t\t\t<div class=\"elementor-element elementor-element-3623b07 e-flex e-con-boxed e-con e-parent\" data-id=\"3623b07\" data-element_type=\"container\">\n\t\t\t\t\t<div class=\"e-con-inner\">\n\t\t<div class=\"elementor-element elementor-element-247097c e-con-full e-flex e-con e-child\" data-id=\"247097c\" data-element_type=\"container\">\n\t\t\t\t<div class=\"elementor-element elementor-element-ab1357e elementor-widget elementor-widget-text-editor\" data-id=\"ab1357e\" data-element_type=\"widget\" data-widget_type=\"text-editor.default\">\n\t\t\t\t\t\t\t\t\t<h3 data-section-id=\"69x8qf\" data-start=\"1254\" data-end=\"1274\">Qui sommes-nous ?<\/h3><p data-start=\"1276\" data-end=\"1423\"><strong data-start=\"1276\" data-end=\"1296\">BTM CONSTRUCTION<\/strong> est une entreprise sp\u00e9cialis\u00e9e dans la <strong data-start=\"1336\" data-end=\"1422\">construction, la gestion immobili\u00e8re et la fourniture de mat\u00e9riaux de construction<\/strong>.<\/p><p data-start=\"1425\" data-end=\"1597\">Notre entreprise a \u00e9t\u00e9 cr\u00e9\u00e9e avec l\u2019objectif d\u2019accompagner le d\u00e9veloppement des infrastructures modernes en offrant des solutions fiables et adapt\u00e9es aux besoins du march\u00e9.<\/p><p data-start=\"1599\" data-end=\"1753\">Nous intervenons aussi bien sur <strong data-start=\"1631\" data-end=\"1687\">les projets r\u00e9sidentiels, commerciaux qu\u2019industriels<\/strong>, en garantissant un travail de qualit\u00e9 et un suivi professionnel.<\/p><h3 data-section-id=\"1i53szk\" data-start=\"1755\" data-end=\"1771\">Notre vision<\/h3><p data-start=\"1773\" data-end=\"1919\">Devenir une <strong data-start=\"1785\" data-end=\"1866\">r\u00e9f\u00e9rence dans le domaine de la construction et de la fourniture de mat\u00e9riaux<\/strong>, en offrant des services performants et accessibles.<\/p><h3 data-section-id=\"1nqkkso\" data-start=\"1921\" data-end=\"1938\">Notre mission<\/h3><p data-start=\"1940\" data-end=\"2031\">Apporter des solutions compl\u00e8tes dans le domaine de la construction, tout en garantissant :<\/p><ul data-start=\"2033\" data-end=\"2115\"><li data-section-id=\"fywfzr\" data-start=\"2033\" data-end=\"2059\"><p data-start=\"2035\" data-end=\"2059\">La qualit\u00e9 des travaux<\/p><\/li><li data-section-id=\"p5q9jj\" data-start=\"2060\" data-end=\"2085\"><p data-start=\"2062\" data-end=\"2085\">Le respect des d\u00e9lais<\/p><\/li><li data-section-id=\"etw07t\" data-start=\"2086\" data-end=\"2115\"><p data-start=\"2088\" data-end=\"2115\">La satisfaction des clients<\/p><\/li><\/ul><h3 data-section-id=\"89c6f2\" data-start=\"2117\" data-end=\"2132\">Nos valeurs<\/h3><p data-start=\"2134\" data-end=\"2214\">Qualit\u00e9<br data-start=\"2141\" data-end=\"2144\" \/>Professionnalisme<br data-start=\"2161\" data-end=\"2164\" \/>Transparence<br data-start=\"2176\" data-end=\"2179\" \/>Engagement<br data-start=\"2189\" data-end=\"2192\" \/>Satisfaction du client<\/p>\t\t\t\t\t\t\t\t<\/div>\n\t\t\t\t<\/div>\n\t\t<div class=\"elementor-element elementor-element-cc9ae1c e-con-full e-flex e-con e-child\" data-id=\"cc9ae1c\" data-element_type=\"container\">\n\t\t\t\t<div class=\"elementor-element elementor-element-2fb3841 elementor-widget elementor-widget-video\" data-id=\"2fb3841\" data-element_type=\"widget\" data-settings=\"{&quot;youtube_url&quot;:&quot;https:\\\/\\\/youtu.be\\\/9GC38E1jN28?si=ur1dYausw2D4aujg&quot;,&quot;video_type&quot;:&quot;youtube&quot;,&quot;controls&quot;:&quot;yes&quot;}\" data-widget_type=\"video.default\">\n\t\t\t\t\t\t\t<div class=\"elementor-wrapper elementor-open-inline\">\n\t\t\t<div class=\"elementor-video\"><\/div>\t\t<\/div>\n\t\t\t\t\t\t<\/div>\n\t\t\t\t<\/div>\n\t\t\t\t\t<\/div>\n\t\t\t\t<\/div>\n\t\t\t\t<\/div>\n\t\t","protected":false},"excerpt":{"rendered":"<p>Qui sommes-nous ? BTM CONSTRUCTION est une entreprise sp\u00e9cialis\u00e9e dans la construction, la gestion immobili\u00e8re et la fourniture de mat\u00e9riaux de construction. Notre entreprise a \u00e9t\u00e9 cr\u00e9\u00e9e avec l\u2019objectif d\u2019accompagner le d\u00e9veloppement des infrastructures modernes en offrant des solutions fiables et adapt\u00e9es aux besoins du march\u00e9. Nous intervenons aussi bien sur les projets r\u00e9sidentiels, commerciaux [&hellip;]<\/p>\n","protected":false},"author":1,"featured_media":0,"parent":0,"menu_order":0,"comment_status":"closed","ping_status":"closed","template":"","meta":{"footnotes":""},"class_list":["post-3413","page","type-page","status-publish","hentry"],"_links":{"self":[{"href":"https:\/\/btmconstructions.net\/index.php?rest_route=\/wp\/v2\/pages\/3413","targetHints":{"allow":["GET"]}}],"collection":[{"href":"https:\/\/btmconstructions.net\/index.php?rest_route=\/wp\/v2\/pages"}],"about":[{"href":"https:\/\/btmconstructions.net\/index.php?rest_route=\/wp\/v2\/types\/page"}],"author":[{"embeddable":true,"href":"https:\/\/btmconstructions.net\/index.php?rest_route=\/wp\/v2\/users\/1"}],"replies":[{"embeddable":true,"href":"https:\/\/btmconstructions.net\/index.php?rest_route=%2Fwp%2Fv2%2Fcomments&post=3413"}],"version-history":[{"count":4,"href":"https:\/\/btmconstructions.net\/index.php?rest_route=\/wp\/v2\/pages\/3413\/revisions"}],"predecessor-version":[{"id":3418,"href":"https:\/\/btmconstructions.net\/index.php?rest_route=\/wp\/v2\/pages\/3413\/revisions\/3418"}],"wp:attachment":[{"href":"https:\/\/btmconstructions.net\/index.php?rest_route=%2Fwp%2Fv2%2Fmedia&parent=3413"}],"curies":[{"name":"wp","href":"https:\/\/api.w.org\/{rel}","templated":true}]}}